{"id":57,"date":"2023-01-26T20:42:57","date_gmt":"2023-01-26T20:42:57","guid":{"rendered":"https:\/\/mystifying-maxwell.18-196-151-180.plesk.page\/suomenpellava\/?page_id=57"},"modified":"2025-09-02T11:15:51","modified_gmt":"2025-09-02T11:15:51","slug":"esitteet","status":"publish","type":"page","link":"https:\/\/suomenpellava.fi\/index.php\/esitteet\/","title":{"rendered":"Esitteet"},"content":{"rendered":"\n<p>Suomen Pellava tuotteet \/ Klikkaa t\u00e4st\u00e4-&gt; <a href=\"https:\/\/suomenpellava.fi\/wp-content\/uploads\/2023\/08\/SP-Valikoima-123-23.pdf\" target=\"_blank\" rel=\"noreferrer noopener\">Esite<\/a> <\/p>\n\n\n\n<div data-wp-interactive=\"core\/file\" class=\"wp-block-file\"><object data-wp-bind--hidden=\"!state.hasPdfPreview\" hidden class=\"wp-block-file__embed\" data=\"https:\/\/suomenpellava.fi\/wp-content\/uploads\/2025\/05\/SuomenPellava-Yleisesite.pdf\" type=\"application\/pdf\" style=\"width:100%;height:600px\" aria-label=\"Tiedoston SuomenPellava--Yleisesite upotus.\"><\/object><a id=\"wp-block-file--media-66ecc325-511d-4df7-a506-abe94a899b4b\" href=\"https:\/\/suomenpellava.fi\/wp-content\/uploads\/2025\/05\/SuomenPellava-Yleisesite.pdf\">SuomenPellava&#8211;Yleisesite<\/a><a href=\"https:\/\/suomenpellava.fi\/wp-content\/uploads\/2025\/05\/SuomenPellava-Yleisesite.pdf\" class=\"wp-block-file__button wp-element-button\" download aria-describedby=\"wp-block-file--media-66ecc325-511d-4df7-a506-abe94a899b4b\">Lataa<\/a><\/div>\n\n\n\n<div data-wp-interactive=\"core\/file\" class=\"wp-block-file\"><object data-wp-bind--hidden=\"!state.hasPdfPreview\" hidden class=\"wp-block-file__embed\" data=\"https:\/\/suomenpellava.fi\/wp-content\/uploads\/2025\/05\/SP-Valikoima-123-23.pdf\" type=\"application\/pdf\" style=\"width:100%;height:600px\" aria-label=\"Tiedoston SP-Valikoima-123-23 upotus.\"><\/object><a id=\"wp-block-file--media-f3cf6409-7f31-4117-ad71-62cb9dcf74f9\" href=\"https:\/\/suomenpellava.fi\/wp-content\/uploads\/2025\/05\/SP-Valikoima-123-23.pdf\">SP-Valikoima-123-23<\/a><a href=\"https:\/\/suomenpellava.fi\/wp-content\/uploads\/2025\/05\/SP-Valikoima-123-23.pdf\" class=\"wp-block-file__button wp-element-button\" download aria-describedby=\"wp-block-file--media-f3cf6409-7f31-4117-ad71-62cb9dcf74f9\">Lataa<\/a><\/div>\n\n\n\n<div data-wp-interactive=\"core\/file\" class=\"wp-block-file\"><object data-wp-bind--hidden=\"!state.hasPdfPreview\" hidden class=\"wp-block-file__embed\" data=\"https:\/\/suomenpellava.fi\/wp-content\/uploads\/2025\/05\/Palju-Saunahatut-Huopana-valikoima-SP-K-25.pdf\" type=\"application\/pdf\" style=\"width:100%;height:600px\" aria-label=\"Tiedoston Palju-Saunahatut-Huopana-valikoima-SP-K-25 upotus.\"><\/object><a id=\"wp-block-file--media-a77c0b8b-5f8e-40e4-8d6f-2f3dc51d2ecf\" href=\"https:\/\/suomenpellava.fi\/wp-content\/uploads\/2025\/05\/Palju-Saunahatut-Huopana-valikoima-SP-K-25.pdf\">Palju-Saunahatut-Huopana-valikoima-SP-K-25<\/a><a href=\"https:\/\/suomenpellava.fi\/wp-content\/uploads\/2025\/05\/Palju-Saunahatut-Huopana-valikoima-SP-K-25.pdf\" class=\"wp-block-file__button wp-element-button\" download aria-describedby=\"wp-block-file--media-a77c0b8b-5f8e-40e4-8d6f-2f3dc51d2ecf\">Lataa<\/a><\/div>\n\n\n\n<div data-wp-interactive=\"core\/file\" class=\"wp-block-file\"><object data-wp-bind--hidden=\"!state.hasPdfPreview\" hidden class=\"wp-block-file__embed\" data=\"https:\/\/suomenpellava.fi\/wp-content\/uploads\/2025\/05\/SP-Laudeliina-Pefletti-Valikoima.pdf\" type=\"application\/pdf\" style=\"width:100%;height:600px\" aria-label=\"Tiedoston SP-Laudeliina-Pefletti-Valikoima upotus.\"><\/object><a id=\"wp-block-file--media-184af570-fa45-449c-b0b7-9e2180ba5389\" href=\"https:\/\/suomenpellava.fi\/wp-content\/uploads\/2025\/05\/SP-Laudeliina-Pefletti-Valikoima.pdf\">SP-Laudeliina-Pefletti-Valikoima<\/a><a href=\"https:\/\/suomenpellava.fi\/wp-content\/uploads\/2025\/05\/SP-Laudeliina-Pefletti-Valikoima.pdf\" class=\"wp-block-file__button wp-element-button\" download aria-describedby=\"wp-block-file--media-184af570-fa45-449c-b0b7-9e2180ba5389\">Lataa<\/a><\/div>\n\n\n\n<div data-wp-interactive=\"core\/file\" class=\"wp-block-file\"><object data-wp-bind--hidden=\"!state.hasPdfPreview\" hidden class=\"wp-block-file__embed\" data=\"https:\/\/suomenpellava.fi\/wp-content\/uploads\/2025\/05\/Mattoesite-LP-lanka-Trikoo-Puuvilla-Muovi.pdf\" type=\"application\/pdf\" style=\"width:100%;height:600px\" aria-label=\"Tiedoston Mattoesite-LP-lanka-Trikoo-Puuvilla-Muovi upotus.\"><\/object><a id=\"wp-block-file--media-ff275769-fe49-4c8d-90cd-52c3cf617519\" href=\"https:\/\/suomenpellava.fi\/wp-content\/uploads\/2025\/05\/Mattoesite-LP-lanka-Trikoo-Puuvilla-Muovi.pdf\">Mattoesite-LP-lanka-Trikoo-Puuvilla-Muovi<\/a><a href=\"https:\/\/suomenpellava.fi\/wp-content\/uploads\/2025\/05\/Mattoesite-LP-lanka-Trikoo-Puuvilla-Muovi.pdf\" class=\"wp-block-file__button wp-element-button\" download aria-describedby=\"wp-block-file--media-ff275769-fe49-4c8d-90cd-52c3cf617519\">Lataa<\/a><\/div>\n\n\n\n<div data-wp-interactive=\"core\/file\" class=\"wp-block-file\"><object data-wp-bind--hidden=\"!state.hasPdfPreview\" hidden class=\"wp-block-file__embed\" data=\"https:\/\/suomenpellava.fi\/wp-content\/uploads\/2025\/09\/Nahka-etiketit-6x-sivu-V.pdf\" type=\"application\/pdf\" style=\"width:100%;height:600px\" aria-label=\"Tiedoston Nahka-etiketit-6x-sivu-V upotus.\"><\/object><a id=\"wp-block-file--media-b61724e4-1b4c-4788-91ea-583f36b19d74\" href=\"https:\/\/suomenpellava.fi\/wp-content\/uploads\/2025\/09\/Nahka-etiketit-6x-sivu-V.pdf\">Nahka-etiketit-6x-sivu-V<\/a><a href=\"https:\/\/suomenpellava.fi\/wp-content\/uploads\/2025\/09\/Nahka-etiketit-6x-sivu-V.pdf\" class=\"wp-block-file__button wp-element-button\" download aria-describedby=\"wp-block-file--media-b61724e4-1b4c-4788-91ea-583f36b19d74\">Lataa<\/a><\/div>\n\n\n\n<div class=\"wp-block-file\"><a id=\"wp-block-file--media-c32d9b06-19b1-4b8a-93df-a694529586dc\" href=\"https:\/\/suomenpellava.fi\/wp-content\/uploads\/2025\/06\/Kudontavideo-etiketeista.mov\">Kudontavideo-etiketeista<\/a><a href=\"https:\/\/suomenpellava.fi\/wp-content\/uploads\/2025\/06\/Kudontavideo-etiketeista.mov\" class=\"wp-block-file__button wp-element-button\" download aria-describedby=\"wp-block-file--media-c32d9b06-19b1-4b8a-93df-a694529586dc\">Lataa<\/a><\/div>\n\n\n\n<div data-wp-interactive=\"core\/file\" class=\"wp-block-file\"><object data-wp-bind--hidden=\"!state.hasPdfPreview\" hidden class=\"wp-block-file__embed\" data=\"https:\/\/suomenpellava.fi\/wp-content\/uploads\/2025\/05\/SP-KudotutEtiketit-valikoimaa.pdf\" type=\"application\/pdf\" style=\"width:100%;height:600px\" aria-label=\"Tiedoston SP-KudotutEtiketit-valikoimaa upotus.\"><\/object><a id=\"wp-block-file--media-6d5281db-8a93-48fe-8799-7ab51412a2ce\" href=\"https:\/\/suomenpellava.fi\/wp-content\/uploads\/2025\/05\/SP-KudotutEtiketit-valikoimaa.pdf\">SP-KudotutEtiketit-valikoimaa<\/a><a href=\"https:\/\/suomenpellava.fi\/wp-content\/uploads\/2025\/05\/SP-KudotutEtiketit-valikoimaa.pdf\" class=\"wp-block-file__button wp-element-button\" download aria-describedby=\"wp-block-file--media-6d5281db-8a93-48fe-8799-7ab51412a2ce\">Lataa<\/a><\/div>\n\n\n\n<div data-wp-interactive=\"core\/file\" class=\"wp-block-file\"><object data-wp-bind--hidden=\"!state.hasPdfPreview\" hidden class=\"wp-block-file__embed\" data=\"https:\/\/suomenpellava.fi\/wp-content\/uploads\/2025\/05\/Tarroja-Lapinaiheisia-SP-23.pdf\" type=\"application\/pdf\" style=\"width:100%;height:600px\" aria-label=\"Tiedoston Tarroja-Lapinaiheisia-SP-23 upotus.\"><\/object><a id=\"wp-block-file--media-1133e64a-55b2-4c4e-a240-5404fde60ac6\" href=\"https:\/\/suomenpellava.fi\/wp-content\/uploads\/2025\/05\/Tarroja-Lapinaiheisia-SP-23.pdf\">Tarroja-Lapinaiheisia-SP-23<\/a><a href=\"https:\/\/suomenpellava.fi\/wp-content\/uploads\/2025\/05\/Tarroja-Lapinaiheisia-SP-23.pdf\" class=\"wp-block-file__button wp-element-button\" download aria-describedby=\"wp-block-file--media-1133e64a-55b2-4c4e-a240-5404fde60ac6\">Lataa<\/a><\/div>\n\n\n\n<div data-wp-interactive=\"core\/file\" class=\"wp-block-file\"><object data-wp-bind--hidden=\"!state.hasPdfPreview\" hidden class=\"wp-block-file__embed\" data=\"https:\/\/suomenpellava.fi\/wp-content\/uploads\/2023\/08\/43-SP-mallisto-matot-villa-pellava-viskoosi-2023.pdf\" type=\"application\/pdf\" style=\"width:100%;height:610px\" aria-label=\"Tiedoston SP-mallisto-matot-villa-pellava-viskoosi-2023 upotus.\"><\/object><a id=\"wp-block-file--media-4af32487-7ff3-463e-92e5-0001d25cca74\" href=\"https:\/\/suomenpellava.fi\/wp-content\/uploads\/2023\/08\/43-SP-mallisto-matot-villa-pellava-viskoosi-2023.pdf\">SP-mallisto-matot-villa-pellava-viskoosi-2023<\/a><a href=\"https:\/\/suomenpellava.fi\/wp-content\/uploads\/2023\/08\/43-SP-mallisto-matot-villa-pellava-viskoosi-2023.pdf\" class=\"wp-block-file__button wp-element-button\" download aria-describedby=\"wp-block-file--media-4af32487-7ff3-463e-92e5-0001d25cca74\">Lataa<\/a><\/div>\n\n\n\n<div data-wp-interactive=\"core\/file\" class=\"wp-block-file\"><object data-wp-bind--hidden=\"!state.hasPdfPreview\" hidden class=\"wp-block-file__embed\" data=\"https:\/\/suomenpellava.fi\/wp-content\/uploads\/2024\/12\/37-Keinutuolinmattoesite-SP.pdf\" type=\"application\/pdf\" style=\"width:100%;height:600px\" aria-label=\"Tiedoston 37-Keinutuolinmattoesite-SP upotus.\"><\/object><a id=\"wp-block-file--media-ad02db2b-92a9-48c8-8e09-a19f434994dc\" href=\"https:\/\/suomenpellava.fi\/wp-content\/uploads\/2024\/12\/37-Keinutuolinmattoesite-SP.pdf\">37-Keinutuolinmattoesite-SP<\/a><a href=\"https:\/\/suomenpellava.fi\/wp-content\/uploads\/2024\/12\/37-Keinutuolinmattoesite-SP.pdf\" class=\"wp-block-file__button wp-element-button\" download aria-describedby=\"wp-block-file--media-ad02db2b-92a9-48c8-8e09-a19f434994dc\">Lataa<\/a><\/div>\n\n\n\n<ul class=\"wp-block-list\">\n<li>HUOM! Jotkut Suomen Pellava OU:n tuotteista jotka voivat olla esill\u00e4 n\u00e4ill\u00e4 nettisivuilla tai muissa esitteiss\u00e4mme, saattavat olla malliksi tehtyj\u00e4 esimerkkej\u00e4 tai jonkun omia malleja, eiv\u00e4tk\u00e4 ole varsinaisesti myynniss\u00e4mme! Mik\u00e4li asiakkaalla itsell\u00e4\u00e4n on tekij\u00e4noikeudet n\u00e4ihin malleihin, logoihin, nimiin ja kuvien k\u00e4ytt\u00f6\u00f6n, niin silloin voimme valmistaa tai valmistuttaa n\u00e4it\u00e4! <\/li>\n\n\n\n<li>Varmista ennen tilaustasi, ett\u00e4 tuote on saatavilla tai muutoin tekij\u00e4noikeuksista vapaa!<\/li>\n\n\n\n<li>NOTE! Some of Suomen Pellava OU&#8217;s products that may be displayed on this website or in our other brochures may be examples made as models or someone&#8217;s own models, and are not actually for sale! If the customer himself has the copyright to these models, logos, names and the use of images, then we can manufacture or manufacture these!<\/li>\n\n\n\n<li>Before ordering, make sure the product is available or otherwise free of copyright!<\/li>\n<\/ul>\n\n\n\n<p><\/p>\n\n\n\n<p><\/p>\n\n\n\n<p><\/p>\n\n\n\n<p><\/p>\n","protected":false},"excerpt":{"rendered":"<p>Suomen Pellava tuotteet \/ Klikkaa t\u00e4st\u00e4-&gt; Esite<\/p>\n","protected":false},"author":1,"featured_media":0,"parent":0,"menu_order":0,"comment_status":"closed","ping_status":"closed","template":"","meta":{"footnotes":""},"class_list":["post-57","page","type-page","status-publish","hentry"],"yoast_head":"<!-- This site is optimized with the Yoast SEO plugin v27.4 - https:\/\/yoast.com\/product\/yoast-seo-wordpress\/ -->\n<title>Esitteet - Suomen Pellava<\/title>\n<meta name=\"robots\" content=\"index, follow, max-snippet:-1, max-image-preview:large, max-video-preview:-1\" \/>\n<link rel=\"canonical\" href=\"https:\/\/suomenpellava.fi\/index.php\/esitteet\/\" \/>\n<meta property=\"og:locale\" content=\"fi_FI\" \/>\n<meta property=\"og:type\" content=\"article\" \/>\n<meta property=\"og:title\" content=\"Esitteet - Suomen Pellava\" \/>\n<meta property=\"og:description\" content=\"Suomen Pellava tuotteet \/ Klikkaa t\u00e4st\u00e4-&gt; Esite\" \/>\n<meta property=\"og:url\" content=\"https:\/\/suomenpellava.fi\/index.php\/esitteet\/\" \/>\n<meta property=\"og:site_name\" content=\"Suomen Pellava\" \/>\n<meta property=\"article:modified_time\" content=\"2025-09-02T11:15:51+00:00\" \/>\n<meta name=\"twitter:card\" content=\"summary_large_image\" \/>\n<meta name=\"twitter:label1\" content=\"Arvioitu lukuaika\" \/>\n\t<meta name=\"twitter:data1\" content=\"1 minuutti\" \/>\n<script type=\"application\/ld+json\" class=\"yoast-schema-graph\">{\"@context\":\"https:\\\/\\\/schema.org\",\"@graph\":[{\"@type\":\"WebPage\",\"@id\":\"https:\\\/\\\/suomenpellava.fi\\\/index.php\\\/esitteet\\\/\",\"url\":\"https:\\\/\\\/suomenpellava.fi\\\/index.php\\\/esitteet\\\/\",\"name\":\"Esitteet - Suomen Pellava\",\"isPartOf\":{\"@id\":\"https:\\\/\\\/suomenpellava.fi\\\/#website\"},\"datePublished\":\"2023-01-26T20:42:57+00:00\",\"dateModified\":\"2025-09-02T11:15:51+00:00\",\"breadcrumb\":{\"@id\":\"https:\\\/\\\/suomenpellava.fi\\\/index.php\\\/esitteet\\\/#breadcrumb\"},\"inLanguage\":\"fi\",\"potentialAction\":[{\"@type\":\"ReadAction\",\"target\":[\"https:\\\/\\\/suomenpellava.fi\\\/index.php\\\/esitteet\\\/\"]}]},{\"@type\":\"BreadcrumbList\",\"@id\":\"https:\\\/\\\/suomenpellava.fi\\\/index.php\\\/esitteet\\\/#breadcrumb\",\"itemListElement\":[{\"@type\":\"ListItem\",\"position\":1,\"name\":\"Etusivu\",\"item\":\"https:\\\/\\\/suomenpellava.fi\\\/suomenpellava\\\/\"},{\"@type\":\"ListItem\",\"position\":2,\"name\":\"Esitteet\"}]},{\"@type\":\"WebSite\",\"@id\":\"https:\\\/\\\/suomenpellava.fi\\\/#website\",\"url\":\"https:\\\/\\\/suomenpellava.fi\\\/\",\"name\":\"Suomen Pellava\",\"description\":\"\",\"publisher\":{\"@id\":\"https:\\\/\\\/suomenpellava.fi\\\/#organization\"},\"potentialAction\":[{\"@type\":\"SearchAction\",\"target\":{\"@type\":\"EntryPoint\",\"urlTemplate\":\"https:\\\/\\\/suomenpellava.fi\\\/?s={search_term_string}\"},\"query-input\":{\"@type\":\"PropertyValueSpecification\",\"valueRequired\":true,\"valueName\":\"search_term_string\"}}],\"inLanguage\":\"fi\"},{\"@type\":\"Organization\",\"@id\":\"https:\\\/\\\/suomenpellava.fi\\\/#organization\",\"name\":\"Suomen Pellava\",\"url\":\"https:\\\/\\\/suomenpellava.fi\\\/\",\"logo\":{\"@type\":\"ImageObject\",\"inLanguage\":\"fi\",\"@id\":\"https:\\\/\\\/suomenpellava.fi\\\/#\\\/schema\\\/logo\\\/image\\\/\",\"url\":\"https:\\\/\\\/suomenpellava.fi\\\/wp-content\\\/uploads\\\/2023\\\/01\\\/cropped-cropped-cropped-cropped-SP-LOGO.jpeg.jpg\",\"contentUrl\":\"https:\\\/\\\/suomenpellava.fi\\\/wp-content\\\/uploads\\\/2023\\\/01\\\/cropped-cropped-cropped-cropped-SP-LOGO.jpeg.jpg\",\"width\":864,\"height\":581,\"caption\":\"Suomen Pellava\"},\"image\":{\"@id\":\"https:\\\/\\\/suomenpellava.fi\\\/#\\\/schema\\\/logo\\\/image\\\/\"}}]}<\/script>\n<!-- \/ Yoast SEO plugin. -->","yoast_head_json":{"title":"Esitteet - Suomen Pellava","robots":{"index":"index","follow":"follow","max-snippet":"max-snippet:-1","max-image-preview":"max-image-preview:large","max-video-preview":"max-video-preview:-1"},"canonical":"https:\/\/suomenpellava.fi\/index.php\/esitteet\/","og_locale":"fi_FI","og_type":"article","og_title":"Esitteet - Suomen Pellava","og_description":"Suomen Pellava tuotteet \/ Klikkaa t\u00e4st\u00e4-&gt; Esite","og_url":"https:\/\/suomenpellava.fi\/index.php\/esitteet\/","og_site_name":"Suomen Pellava","article_modified_time":"2025-09-02T11:15:51+00:00","twitter_card":"summary_large_image","twitter_misc":{"Arvioitu lukuaika":"1 minuutti"},"schema":{"@context":"https:\/\/schema.org","@graph":[{"@type":"WebPage","@id":"https:\/\/suomenpellava.fi\/index.php\/esitteet\/","url":"https:\/\/suomenpellava.fi\/index.php\/esitteet\/","name":"Esitteet - Suomen Pellava","isPartOf":{"@id":"https:\/\/suomenpellava.fi\/#website"},"datePublished":"2023-01-26T20:42:57+00:00","dateModified":"2025-09-02T11:15:51+00:00","breadcrumb":{"@id":"https:\/\/suomenpellava.fi\/index.php\/esitteet\/#breadcrumb"},"inLanguage":"fi","potentialAction":[{"@type":"ReadAction","target":["https:\/\/suomenpellava.fi\/index.php\/esitteet\/"]}]},{"@type":"BreadcrumbList","@id":"https:\/\/suomenpellava.fi\/index.php\/esitteet\/#breadcrumb","itemListElement":[{"@type":"ListItem","position":1,"name":"Etusivu","item":"https:\/\/suomenpellava.fi\/suomenpellava\/"},{"@type":"ListItem","position":2,"name":"Esitteet"}]},{"@type":"WebSite","@id":"https:\/\/suomenpellava.fi\/#website","url":"https:\/\/suomenpellava.fi\/","name":"Suomen Pellava","description":"","publisher":{"@id":"https:\/\/suomenpellava.fi\/#organization"},"potentialAction":[{"@type":"SearchAction","target":{"@type":"EntryPoint","urlTemplate":"https:\/\/suomenpellava.fi\/?s={search_term_string}"},"query-input":{"@type":"PropertyValueSpecification","valueRequired":true,"valueName":"search_term_string"}}],"inLanguage":"fi"},{"@type":"Organization","@id":"https:\/\/suomenpellava.fi\/#organization","name":"Suomen Pellava","url":"https:\/\/suomenpellava.fi\/","logo":{"@type":"ImageObject","inLanguage":"fi","@id":"https:\/\/suomenpellava.fi\/#\/schema\/logo\/image\/","url":"https:\/\/suomenpellava.fi\/wp-content\/uploads\/2023\/01\/cropped-cropped-cropped-cropped-SP-LOGO.jpeg.jpg","contentUrl":"https:\/\/suomenpellava.fi\/wp-content\/uploads\/2023\/01\/cropped-cropped-cropped-cropped-SP-LOGO.jpeg.jpg","width":864,"height":581,"caption":"Suomen Pellava"},"image":{"@id":"https:\/\/suomenpellava.fi\/#\/schema\/logo\/image\/"}}]}},"_links":{"self":[{"href":"https:\/\/suomenpellava.fi\/index.php\/wp-json\/wp\/v2\/pages\/57","targetHints":{"allow":["GET"]}}],"collection":[{"href":"https:\/\/suomenpellava.fi\/index.php\/wp-json\/wp\/v2\/pages"}],"about":[{"href":"https:\/\/suomenpellava.fi\/index.php\/wp-json\/wp\/v2\/types\/page"}],"author":[{"embeddable":true,"href":"https:\/\/suomenpellava.fi\/index.php\/wp-json\/wp\/v2\/users\/1"}],"replies":[{"embeddable":true,"href":"https:\/\/suomenpellava.fi\/index.php\/wp-json\/wp\/v2\/comments?post=57"}],"version-history":[{"count":49,"href":"https:\/\/suomenpellava.fi\/index.php\/wp-json\/wp\/v2\/pages\/57\/revisions"}],"predecessor-version":[{"id":525,"href":"https:\/\/suomenpellava.fi\/index.php\/wp-json\/wp\/v2\/pages\/57\/revisions\/525"}],"wp:attachment":[{"href":"https:\/\/suomenpellava.fi\/index.php\/wp-json\/wp\/v2\/media?parent=57"}],"curies":[{"name":"wp","href":"https:\/\/api.w.org\/{rel}","templated":true}]}}