{"id":55,"date":"2023-01-26T20:42:34","date_gmt":"2023-01-26T20:42:34","guid":{"rendered":"https:\/\/mystifying-maxwell.18-196-151-180.plesk.page\/suomenpellava\/?page_id=55"},"modified":"2023-10-03T21:40:47","modified_gmt":"2023-10-03T21:40:47","slug":"tuotteet","status":"publish","type":"page","link":"https:\/\/suomenpellava.fi\/index.php\/tuotteet\/","title":{"rendered":"Tuotteet"},"content":{"rendered":"\n<figure class=\"wp-block-image size-large\"><img loading=\"lazy\" decoding=\"async\" width=\"762\" height=\"1024\" src=\"https:\/\/suomenpellava.fi\/wp-content\/uploads\/2023\/08\/YE-SP-762x1024.jpg\" alt=\"\" class=\"wp-image-395\" srcset=\"https:\/\/suomenpellava.fi\/wp-content\/uploads\/2023\/08\/YE-SP-762x1024.jpg 762w, https:\/\/suomenpellava.fi\/wp-content\/uploads\/2023\/08\/YE-SP-223x300.jpg 223w, https:\/\/suomenpellava.fi\/wp-content\/uploads\/2023\/08\/YE-SP-768x1032.jpg 768w, https:\/\/suomenpellava.fi\/wp-content\/uploads\/2023\/08\/YE-SP.jpg 1125w\" sizes=\"auto, (max-width: 762px) 100vw, 762px\" \/><\/figure>\n\n\n\n<figure class=\"wp-block-image size-large\"><img loading=\"lazy\" decoding=\"async\" width=\"747\" height=\"1024\" src=\"https:\/\/suomenpellava.fi\/wp-content\/uploads\/2023\/08\/SP-yleisesite-23-1-747x1024.jpg\" alt=\"\" class=\"wp-image-347\" srcset=\"https:\/\/suomenpellava.fi\/wp-content\/uploads\/2023\/08\/SP-yleisesite-23-1-747x1024.jpg 747w, https:\/\/suomenpellava.fi\/wp-content\/uploads\/2023\/08\/SP-yleisesite-23-1-219x300.jpg 219w, https:\/\/suomenpellava.fi\/wp-content\/uploads\/2023\/08\/SP-yleisesite-23-1-768x1053.jpg 768w, https:\/\/suomenpellava.fi\/wp-content\/uploads\/2023\/08\/SP-yleisesite-23-1.jpg 1107w\" sizes=\"auto, (max-width: 747px) 100vw, 747px\" \/><\/figure>\n\n\n\n<figure class=\"wp-block-image size-large is-resized\"><img loading=\"lazy\" decoding=\"async\" src=\"https:\/\/suomenpellava.fi\/wp-content\/uploads\/2023\/03\/IMG_8911-719x1024.jpg\" alt=\"\" class=\"wp-image-193\" style=\"width:840px;height:1024px\" width=\"840\" height=\"1024\"\/><\/figure>\n\n\n\n<figure class=\"wp-block-image size-large is-resized\"><img loading=\"lazy\" decoding=\"async\" src=\"https:\/\/suomenpellava.fi\/wp-content\/uploads\/2023\/08\/poro-lammas-laudeliina-748x1024.jpg\" alt=\"\" class=\"wp-image-359\" style=\"width:840px;height:1024px\" width=\"840\" height=\"1024\"\/><\/figure>\n\n\n\n<figure class=\"wp-block-image size-large\"><img loading=\"lazy\" decoding=\"async\" width=\"741\" height=\"1024\" src=\"https:\/\/suomenpellava.fi\/wp-content\/uploads\/2023\/08\/kuivasa-laudeliina-741x1024.jpg\" alt=\"\" class=\"wp-image-358\" srcset=\"https:\/\/suomenpellava.fi\/wp-content\/uploads\/2023\/08\/kuivasa-laudeliina-741x1024.jpg 741w, https:\/\/suomenpellava.fi\/wp-content\/uploads\/2023\/08\/kuivasa-laudeliina-217x300.jpg 217w, https:\/\/suomenpellava.fi\/wp-content\/uploads\/2023\/08\/kuivasa-laudeliina-768x1061.jpg 768w, https:\/\/suomenpellava.fi\/wp-content\/uploads\/2023\/08\/kuivasa-laudeliina-1112x1536.jpg 1112w, https:\/\/suomenpellava.fi\/wp-content\/uploads\/2023\/08\/kuivasa-laudeliina.jpg 1125w\" sizes=\"auto, (max-width: 741px) 100vw, 741px\" \/><\/figure>\n\n\n\n<div class=\"wp-block-media-text is-stacked-on-mobile\" style=\"grid-template-columns:85% auto\"><figure class=\"wp-block-media-text__media\"><img loading=\"lazy\" decoding=\"async\" width=\"738\" height=\"1024\" src=\"https:\/\/suomenpellava.fi\/suomenpellava\/wp-content\/uploads\/2023\/03\/IMG_8925-4-738x1024.jpg\" alt=\"\" class=\"wp-image-203 size-full\" srcset=\"https:\/\/suomenpellava.fi\/wp-content\/uploads\/2023\/03\/IMG_8925-4-738x1024.jpg 738w, https:\/\/suomenpellava.fi\/wp-content\/uploads\/2023\/03\/IMG_8925-4-216x300.jpg 216w, https:\/\/suomenpellava.fi\/wp-content\/uploads\/2023\/03\/IMG_8925-4-768x1066.jpg 768w, https:\/\/suomenpellava.fi\/wp-content\/uploads\/2023\/03\/IMG_8925-4.jpg 1033w\" sizes=\"auto, (max-width: 738px) 100vw, 738px\" \/><\/figure><div class=\"wp-block-media-text__content\">\n<p><\/p>\n<\/div><\/div>\n\n\n\n<div class=\"wp-block-media-text is-stacked-on-mobile\" style=\"grid-template-columns:85% auto\"><figure class=\"wp-block-media-text__media\"><img loading=\"lazy\" decoding=\"async\" width=\"715\" height=\"1024\" src=\"https:\/\/suomenpellava.fi\/suomenpellava\/wp-content\/uploads\/2023\/03\/IMG_8920-715x1024.jpg\" alt=\"\" class=\"wp-image-197 size-full\" srcset=\"https:\/\/suomenpellava.fi\/wp-content\/uploads\/2023\/03\/IMG_8920-715x1024.jpg 715w, https:\/\/suomenpellava.fi\/wp-content\/uploads\/2023\/03\/IMG_8920-209x300.jpg 209w, https:\/\/suomenpellava.fi\/wp-content\/uploads\/2023\/03\/IMG_8920-768x1100.jpg 768w, https:\/\/suomenpellava.fi\/wp-content\/uploads\/2023\/03\/IMG_8920.jpg 1058w\" sizes=\"auto, (max-width: 715px) 100vw, 715px\" \/><\/figure><div class=\"wp-block-media-text__content\">\n<p><\/p>\n<\/div><\/div>\n\n\n\n<div class=\"wp-block-media-text is-stacked-on-mobile\" style=\"grid-template-columns:85% auto\"><figure class=\"wp-block-media-text__media\"><img loading=\"lazy\" decoding=\"async\" width=\"723\" height=\"1024\" src=\"https:\/\/suomenpellava.fi\/suomenpellava\/wp-content\/uploads\/2023\/03\/IMG_8912-1-723x1024.jpg\" alt=\"\" class=\"wp-image-226 size-full\" srcset=\"https:\/\/suomenpellava.fi\/wp-content\/uploads\/2023\/03\/IMG_8912-1-723x1024.jpg 723w, https:\/\/suomenpellava.fi\/wp-content\/uploads\/2023\/03\/IMG_8912-1-212x300.jpg 212w, https:\/\/suomenpellava.fi\/wp-content\/uploads\/2023\/03\/IMG_8912-1-768x1087.jpg 768w, https:\/\/suomenpellava.fi\/wp-content\/uploads\/2023\/03\/IMG_8912-1.jpg 1042w\" sizes=\"auto, (max-width: 723px) 100vw, 723px\" \/><\/figure><div class=\"wp-block-media-text__content\">\n<p><\/p>\n<\/div><\/div>\n\n\n\n<div class=\"wp-block-media-text is-stacked-on-mobile is-vertically-aligned-center\" style=\"grid-template-columns:85% auto\"><figure class=\"wp-block-media-text__media\"><img loading=\"lazy\" decoding=\"async\" width=\"864\" height=\"1024\" src=\"https:\/\/suomenpellava.fi\/suomenpellava\/wp-content\/uploads\/2023\/03\/IMG_8913-2-864x1024.jpg\" alt=\"\" class=\"wp-image-244 size-full\" srcset=\"https:\/\/suomenpellava.fi\/wp-content\/uploads\/2023\/03\/IMG_8913-2-864x1024.jpg 864w, https:\/\/suomenpellava.fi\/wp-content\/uploads\/2023\/03\/IMG_8913-2-253x300.jpg 253w, https:\/\/suomenpellava.fi\/wp-content\/uploads\/2023\/03\/IMG_8913-2-768x910.jpg 768w, https:\/\/suomenpellava.fi\/wp-content\/uploads\/2023\/03\/IMG_8913-2.jpg 988w\" sizes=\"auto, (max-width: 864px) 100vw, 864px\" \/><\/figure><div class=\"wp-block-media-text__content\">\n<p><\/p>\n<\/div><\/div>\n\n\n\n<div class=\"wp-block-media-text is-stacked-on-mobile is-vertically-aligned-center\" style=\"grid-template-columns:85% auto\"><figure class=\"wp-block-media-text__media\"><img loading=\"lazy\" decoding=\"async\" width=\"884\" height=\"1024\" src=\"https:\/\/suomenpellava.fi\/suomenpellava\/wp-content\/uploads\/2023\/03\/IMG_8914-2-884x1024.jpg\" alt=\"\" class=\"wp-image-242 size-full\" srcset=\"https:\/\/suomenpellava.fi\/wp-content\/uploads\/2023\/03\/IMG_8914-2-884x1024.jpg 884w, https:\/\/suomenpellava.fi\/wp-content\/uploads\/2023\/03\/IMG_8914-2-259x300.jpg 259w, https:\/\/suomenpellava.fi\/wp-content\/uploads\/2023\/03\/IMG_8914-2-768x890.jpg 768w, https:\/\/suomenpellava.fi\/wp-content\/uploads\/2023\/03\/IMG_8914-2.jpg 1045w\" sizes=\"auto, (max-width: 884px) 100vw, 884px\" \/><\/figure><div class=\"wp-block-media-text__content\">\n<p><\/p>\n<\/div><\/div>\n\n\n\n<div class=\"wp-block-media-text is-stacked-on-mobile is-vertically-aligned-center\" style=\"grid-template-columns:85% auto\"><figure class=\"wp-block-media-text__media\"><img loading=\"lazy\" decoding=\"async\" width=\"818\" height=\"1024\" src=\"https:\/\/suomenpellava.fi\/suomenpellava\/wp-content\/uploads\/2023\/03\/IMG_8915-2-818x1024.jpg\" alt=\"\" class=\"wp-image-240 size-full\" srcset=\"https:\/\/suomenpellava.fi\/wp-content\/uploads\/2023\/03\/IMG_8915-2-818x1024.jpg 818w, https:\/\/suomenpellava.fi\/wp-content\/uploads\/2023\/03\/IMG_8915-2-240x300.jpg 240w, https:\/\/suomenpellava.fi\/wp-content\/uploads\/2023\/03\/IMG_8915-2-768x962.jpg 768w, https:\/\/suomenpellava.fi\/wp-content\/uploads\/2023\/03\/IMG_8915-2.jpg 968w\" sizes=\"auto, (max-width: 818px) 100vw, 818px\" \/><\/figure><div class=\"wp-block-media-text__content\">\n<p><\/p>\n<\/div><\/div>\n\n\n\n<div class=\"wp-block-media-text is-stacked-on-mobile\" style=\"grid-template-columns:79% auto\"><figure class=\"wp-block-media-text__media\"><img loading=\"lazy\" decoding=\"async\" width=\"896\" height=\"1024\" src=\"https:\/\/suomenpellava.fi\/suomenpellava\/wp-content\/uploads\/2023\/03\/IMG_8916-1-896x1024.jpg\" alt=\"\" class=\"wp-image-238 size-full\" srcset=\"https:\/\/suomenpellava.fi\/wp-content\/uploads\/2023\/03\/IMG_8916-1-896x1024.jpg 896w, https:\/\/suomenpellava.fi\/wp-content\/uploads\/2023\/03\/IMG_8916-1-262x300.jpg 262w, https:\/\/suomenpellava.fi\/wp-content\/uploads\/2023\/03\/IMG_8916-1-768x878.jpg 768w, https:\/\/suomenpellava.fi\/wp-content\/uploads\/2023\/03\/IMG_8916-1.jpg 1060w\" sizes=\"auto, (max-width: 896px) 100vw, 896px\" \/><\/figure><div class=\"wp-block-media-text__content\">\n<p><\/p>\n<\/div><\/div>\n\n\n\n<div class=\"wp-block-media-text is-stacked-on-mobile is-vertically-aligned-center\" style=\"grid-template-columns:85% auto\"><figure class=\"wp-block-media-text__media\"><img loading=\"lazy\" decoding=\"async\" width=\"867\" height=\"1024\" src=\"https:\/\/suomenpellava.fi\/suomenpellava\/wp-content\/uploads\/2023\/03\/IMG_8917-867x1024.jpg\" alt=\"\" class=\"wp-image-247 size-full\" srcset=\"https:\/\/suomenpellava.fi\/wp-content\/uploads\/2023\/03\/IMG_8917-867x1024.jpg 867w, https:\/\/suomenpellava.fi\/wp-content\/uploads\/2023\/03\/IMG_8917-254x300.jpg 254w, https:\/\/suomenpellava.fi\/wp-content\/uploads\/2023\/03\/IMG_8917-768x907.jpg 768w, https:\/\/suomenpellava.fi\/wp-content\/uploads\/2023\/03\/IMG_8917.jpg 951w\" sizes=\"auto, (max-width: 867px) 100vw, 867px\" \/><\/figure><div class=\"wp-block-media-text__content\">\n<p><\/p>\n<\/div><\/div>\n\n\n\n<div class=\"wp-block-media-text is-stacked-on-mobile\" style=\"grid-template-columns:83% auto\"><figure class=\"wp-block-media-text__media\"><img loading=\"lazy\" decoding=\"async\" width=\"837\" height=\"1024\" src=\"https:\/\/suomenpellava.fi\/suomenpellava\/wp-content\/uploads\/2023\/03\/IMG_8918-837x1024.jpg\" alt=\"\" class=\"wp-image-249 size-full\" srcset=\"https:\/\/suomenpellava.fi\/wp-content\/uploads\/2023\/03\/IMG_8918-837x1024.jpg 837w, https:\/\/suomenpellava.fi\/wp-content\/uploads\/2023\/03\/IMG_8918-245x300.jpg 245w, https:\/\/suomenpellava.fi\/wp-content\/uploads\/2023\/03\/IMG_8918-768x939.jpg 768w, https:\/\/suomenpellava.fi\/wp-content\/uploads\/2023\/03\/IMG_8918.jpg 1004w\" sizes=\"auto, (max-width: 837px) 100vw, 837px\" \/><\/figure><div class=\"wp-block-media-text__content\">\n<p><\/p>\n<\/div><\/div>\n\n\n\n<div class=\"wp-block-media-text is-stacked-on-mobile is-vertically-aligned-center\" style=\"grid-template-columns:85% auto\"><figure class=\"wp-block-media-text__media\"><img loading=\"lazy\" decoding=\"async\" width=\"732\" height=\"1024\" src=\"https:\/\/suomenpellava.fi\/suomenpellava\/wp-content\/uploads\/2023\/03\/IMG_8921-732x1024.jpg\" alt=\"\" class=\"wp-image-253 size-full\" srcset=\"https:\/\/suomenpellava.fi\/wp-content\/uploads\/2023\/03\/IMG_8921-732x1024.jpg 732w, https:\/\/suomenpellava.fi\/wp-content\/uploads\/2023\/03\/IMG_8921-214x300.jpg 214w, https:\/\/suomenpellava.fi\/wp-content\/uploads\/2023\/03\/IMG_8921-768x1075.jpg 768w, https:\/\/suomenpellava.fi\/wp-content\/uploads\/2023\/03\/IMG_8921.jpg 1071w\" sizes=\"auto, (max-width: 732px) 100vw, 732px\" \/><\/figure><div class=\"wp-block-media-text__content\">\n<p><\/p>\n<\/div><\/div>\n\n\n\n<div class=\"wp-block-media-text is-stacked-on-mobile is-vertically-aligned-center\" style=\"grid-template-columns:85% auto\"><figure class=\"wp-block-media-text__media\"><img loading=\"lazy\" decoding=\"async\" width=\"716\" height=\"1024\" src=\"https:\/\/suomenpellava.fi\/suomenpellava\/wp-content\/uploads\/2023\/03\/IMG_8922-716x1024.jpg\" alt=\"\" class=\"wp-image-255 size-full\" srcset=\"https:\/\/suomenpellava.fi\/wp-content\/uploads\/2023\/03\/IMG_8922-716x1024.jpg 716w, https:\/\/suomenpellava.fi\/wp-content\/uploads\/2023\/03\/IMG_8922-210x300.jpg 210w, https:\/\/suomenpellava.fi\/wp-content\/uploads\/2023\/03\/IMG_8922-768x1098.jpg 768w, https:\/\/suomenpellava.fi\/wp-content\/uploads\/2023\/03\/IMG_8922.jpg 1055w\" sizes=\"auto, (max-width: 716px) 100vw, 716px\" \/><\/figure><div class=\"wp-block-media-text__content\">\n<p><\/p>\n<\/div><\/div>\n\n\n\n<div class=\"wp-block-media-text is-stacked-on-mobile is-vertically-aligned-center\" style=\"grid-template-columns:85% auto\"><figure class=\"wp-block-media-text__media\"><img loading=\"lazy\" decoding=\"async\" width=\"733\" height=\"1024\" src=\"https:\/\/suomenpellava.fi\/suomenpellava\/wp-content\/uploads\/2023\/03\/IMG_8923-1-733x1024.jpg\" alt=\"\" class=\"wp-image-259 size-full\" srcset=\"https:\/\/suomenpellava.fi\/wp-content\/uploads\/2023\/03\/IMG_8923-1-733x1024.jpg 733w, https:\/\/suomenpellava.fi\/wp-content\/uploads\/2023\/03\/IMG_8923-1-215x300.jpg 215w, https:\/\/suomenpellava.fi\/wp-content\/uploads\/2023\/03\/IMG_8923-1-768x1072.jpg 768w, https:\/\/suomenpellava.fi\/wp-content\/uploads\/2023\/03\/IMG_8923-1.jpg 1015w\" sizes=\"auto, (max-width: 733px) 100vw, 733px\" \/><\/figure><div class=\"wp-block-media-text__content\">\n<p><\/p>\n<\/div><\/div>\n\n\n\n<div class=\"wp-block-media-text is-stacked-on-mobile is-vertically-aligned-center\" style=\"grid-template-columns:85% auto\"><figure class=\"wp-block-media-text__media\"><img loading=\"lazy\" decoding=\"async\" width=\"736\" height=\"1024\" src=\"https:\/\/suomenpellava.fi\/suomenpellava\/wp-content\/uploads\/2023\/03\/IMG_8924-1-736x1024.jpg\" alt=\"\" class=\"wp-image-261 size-full\" srcset=\"https:\/\/suomenpellava.fi\/wp-content\/uploads\/2023\/03\/IMG_8924-1-736x1024.jpg 736w, https:\/\/suomenpellava.fi\/wp-content\/uploads\/2023\/03\/IMG_8924-1-216x300.jpg 216w, https:\/\/suomenpellava.fi\/wp-content\/uploads\/2023\/03\/IMG_8924-1-768x1069.jpg 768w, https:\/\/suomenpellava.fi\/wp-content\/uploads\/2023\/03\/IMG_8924-1.jpg 1037w\" sizes=\"auto, (max-width: 736px) 100vw, 736px\" \/><\/figure><div class=\"wp-block-media-text__content\">\n<p><\/p>\n<\/div><\/div>\n\n\n\n<figure class=\"wp-block-image size-large is-resized\"><img loading=\"lazy\" decoding=\"async\" src=\"https:\/\/suomenpellava.fi\/wp-content\/uploads\/2023\/08\/SP-ktm-736x1024.jpg\" alt=\"\" class=\"wp-image-357\" style=\"width:840px;height:1024px\" width=\"840\" height=\"1024\"\/><\/figure>\n\n\n\n<figure class=\"wp-block-image size-large\"><img loading=\"lazy\" decoding=\"async\" width=\"911\" height=\"1024\" src=\"https:\/\/suomenpellava.fi\/wp-content\/uploads\/2023\/02\/IMG_7926-1-911x1024.jpg\" alt=\"\" class=\"wp-image-135\" srcset=\"https:\/\/suomenpellava.fi\/wp-content\/uploads\/2023\/02\/IMG_7926-1-911x1024.jpg 911w, https:\/\/suomenpellava.fi\/wp-content\/uploads\/2023\/02\/IMG_7926-1-267x300.jpg 267w, https:\/\/suomenpellava.fi\/wp-content\/uploads\/2023\/02\/IMG_7926-1-768x863.jpg 768w, https:\/\/suomenpellava.fi\/wp-content\/uploads\/2023\/02\/IMG_7926-1.jpg 1073w\" sizes=\"auto, (max-width: 911px) 100vw, 911px\" \/><\/figure>\n\n\n\n<ul class=\"wp-block-list\">\n<li>HUOM! Jotkut Suomen Pellava OU:n tuotteista jotka voivat olla esill\u00e4 n\u00e4ill\u00e4 nettisivuilla tai muissa esitteiss\u00e4mme, saattavat olla malliksi tehtyj\u00e4 esimerkkej\u00e4 tai jonkun omia malleja, eiv\u00e4tk\u00e4 ole varsinaisesti myynniss\u00e4mme! Mik\u00e4li asiakkaalla itsell\u00e4\u00e4n on tekij\u00e4noikeudet n\u00e4ihin malleihin, logoihin, nimiin ja kuvien k\u00e4ytt\u00f6\u00f6n, niin silloin voimme valmistaa tai valmistuttaa n\u00e4it\u00e4! <\/li>\n\n\n\n<li>Varmista ennen tilaustasi, ett\u00e4 tuote on saatavilla tai muutoin tekij\u00e4noikeuksista vapaa!<\/li>\n\n\n\n<li>NOTE! Some of Suomen Pellava OU&#8217;s products that may be displayed on this website or in our other brochures may be examples made as models or someone&#8217;s own models, and are not actually for sale! If the customer himself has the copyright to these models, logos, names and the use of images, then we can manufacture or manufacture these!<\/li>\n\n\n\n<li>Before ordering, make sure the product is available or otherwise free of copyright!<\/li>\n<\/ul>\n","protected":false},"excerpt":{"rendered":"","protected":false},"author":1,"featured_media":0,"parent":0,"menu_order":0,"comment_status":"closed","ping_status":"closed","template":"","meta":{"footnotes":""},"class_list":["post-55","page","type-page","status-publish","hentry"],"yoast_head":"<!-- This site is optimized with the Yoast SEO plugin v27.5 - https:\/\/yoast.com\/product\/yoast-seo-wordpress\/ -->\n<title>Tuotteet - Suomen Pellava<\/title>\n<meta name=\"description\" content=\"%\" \/>\n<meta name=\"robots\" content=\"index, follow, max-snippet:-1, max-image-preview:large, max-video-preview:-1\" \/>\n<link rel=\"canonical\" href=\"https:\/\/suomenpellava.fi\/index.php\/tuotteet\/\" \/>\n<meta property=\"og:locale\" content=\"fi_FI\" \/>\n<meta property=\"og:type\" content=\"article\" \/>\n<meta property=\"og:title\" content=\"Tuotteet - Suomen Pellava\" \/>\n<meta property=\"og:description\" content=\"%\" \/>\n<meta property=\"og:url\" content=\"https:\/\/suomenpellava.fi\/index.php\/tuotteet\/\" \/>\n<meta property=\"og:site_name\" content=\"Suomen Pellava\" \/>\n<meta property=\"article:modified_time\" content=\"2023-10-03T21:40:47+00:00\" \/>\n<meta property=\"og:image\" content=\"https:\/\/suomenpellava.fi\/wp-content\/uploads\/2023\/08\/YE-SP-762x1024.jpg\" \/>\n<meta name=\"twitter:card\" content=\"summary_large_image\" \/>\n<meta name=\"twitter:label1\" content=\"Arvioitu lukuaika\" \/>\n\t<meta name=\"twitter:data1\" content=\"5 minuuttia\" \/>\n<script type=\"application\/ld+json\" class=\"yoast-schema-graph\">{\"@context\":\"https:\\\/\\\/schema.org\",\"@graph\":[{\"@type\":\"WebPage\",\"@id\":\"https:\\\/\\\/suomenpellava.fi\\\/index.php\\\/tuotteet\\\/\",\"url\":\"https:\\\/\\\/suomenpellava.fi\\\/index.php\\\/tuotteet\\\/\",\"name\":\"Tuotteet - Suomen Pellava\",\"isPartOf\":{\"@id\":\"https:\\\/\\\/suomenpellava.fi\\\/#website\"},\"primaryImageOfPage\":{\"@id\":\"https:\\\/\\\/suomenpellava.fi\\\/index.php\\\/tuotteet\\\/#primaryimage\"},\"image\":{\"@id\":\"https:\\\/\\\/suomenpellava.fi\\\/index.php\\\/tuotteet\\\/#primaryimage\"},\"thumbnailUrl\":\"https:\\\/\\\/suomenpellava.fi\\\/wp-content\\\/uploads\\\/2023\\\/08\\\/YE-SP-762x1024.jpg\",\"datePublished\":\"2023-01-26T20:42:34+00:00\",\"dateModified\":\"2023-10-03T21:40:47+00:00\",\"description\":\"%\",\"breadcrumb\":{\"@id\":\"https:\\\/\\\/suomenpellava.fi\\\/index.php\\\/tuotteet\\\/#breadcrumb\"},\"inLanguage\":\"fi\",\"potentialAction\":[{\"@type\":\"ReadAction\",\"target\":[\"https:\\\/\\\/suomenpellava.fi\\\/index.php\\\/tuotteet\\\/\"]}]},{\"@type\":\"ImageObject\",\"inLanguage\":\"fi\",\"@id\":\"https:\\\/\\\/suomenpellava.fi\\\/index.php\\\/tuotteet\\\/#primaryimage\",\"url\":\"https:\\\/\\\/suomenpellava.fi\\\/wp-content\\\/uploads\\\/2023\\\/08\\\/YE-SP.jpg\",\"contentUrl\":\"https:\\\/\\\/suomenpellava.fi\\\/wp-content\\\/uploads\\\/2023\\\/08\\\/YE-SP.jpg\",\"width\":1125,\"height\":1511},{\"@type\":\"BreadcrumbList\",\"@id\":\"https:\\\/\\\/suomenpellava.fi\\\/index.php\\\/tuotteet\\\/#breadcrumb\",\"itemListElement\":[{\"@type\":\"ListItem\",\"position\":1,\"name\":\"Etusivu\",\"item\":\"https:\\\/\\\/suomenpellava.fi\\\/suomenpellava\\\/\"},{\"@type\":\"ListItem\",\"position\":2,\"name\":\"Tuotteet\"}]},{\"@type\":\"WebSite\",\"@id\":\"https:\\\/\\\/suomenpellava.fi\\\/#website\",\"url\":\"https:\\\/\\\/suomenpellava.fi\\\/\",\"name\":\"Suomen Pellava\",\"description\":\"\",\"publisher\":{\"@id\":\"https:\\\/\\\/suomenpellava.fi\\\/#organization\"},\"potentialAction\":[{\"@type\":\"SearchAction\",\"target\":{\"@type\":\"EntryPoint\",\"urlTemplate\":\"https:\\\/\\\/suomenpellava.fi\\\/?s={search_term_string}\"},\"query-input\":{\"@type\":\"PropertyValueSpecification\",\"valueRequired\":true,\"valueName\":\"search_term_string\"}}],\"inLanguage\":\"fi\"},{\"@type\":\"Organization\",\"@id\":\"https:\\\/\\\/suomenpellava.fi\\\/#organization\",\"name\":\"Suomen Pellava\",\"url\":\"https:\\\/\\\/suomenpellava.fi\\\/\",\"logo\":{\"@type\":\"ImageObject\",\"inLanguage\":\"fi\",\"@id\":\"https:\\\/\\\/suomenpellava.fi\\\/#\\\/schema\\\/logo\\\/image\\\/\",\"url\":\"https:\\\/\\\/suomenpellava.fi\\\/wp-content\\\/uploads\\\/2023\\\/01\\\/cropped-cropped-cropped-cropped-SP-LOGO.jpeg.jpg\",\"contentUrl\":\"https:\\\/\\\/suomenpellava.fi\\\/wp-content\\\/uploads\\\/2023\\\/01\\\/cropped-cropped-cropped-cropped-SP-LOGO.jpeg.jpg\",\"width\":864,\"height\":581,\"caption\":\"Suomen Pellava\"},\"image\":{\"@id\":\"https:\\\/\\\/suomenpellava.fi\\\/#\\\/schema\\\/logo\\\/image\\\/\"}}]}<\/script>\n<!-- \/ Yoast SEO plugin. -->","yoast_head_json":{"title":"Tuotteet - Suomen Pellava","description":"%","robots":{"index":"index","follow":"follow","max-snippet":"max-snippet:-1","max-image-preview":"max-image-preview:large","max-video-preview":"max-video-preview:-1"},"canonical":"https:\/\/suomenpellava.fi\/index.php\/tuotteet\/","og_locale":"fi_FI","og_type":"article","og_title":"Tuotteet - Suomen Pellava","og_description":"%","og_url":"https:\/\/suomenpellava.fi\/index.php\/tuotteet\/","og_site_name":"Suomen Pellava","article_modified_time":"2023-10-03T21:40:47+00:00","og_image":[{"url":"https:\/\/suomenpellava.fi\/wp-content\/uploads\/2023\/08\/YE-SP-762x1024.jpg","type":"","width":"","height":""}],"twitter_card":"summary_large_image","twitter_misc":{"Arvioitu lukuaika":"5 minuuttia"},"schema":{"@context":"https:\/\/schema.org","@graph":[{"@type":"WebPage","@id":"https:\/\/suomenpellava.fi\/index.php\/tuotteet\/","url":"https:\/\/suomenpellava.fi\/index.php\/tuotteet\/","name":"Tuotteet - Suomen Pellava","isPartOf":{"@id":"https:\/\/suomenpellava.fi\/#website"},"primaryImageOfPage":{"@id":"https:\/\/suomenpellava.fi\/index.php\/tuotteet\/#primaryimage"},"image":{"@id":"https:\/\/suomenpellava.fi\/index.php\/tuotteet\/#primaryimage"},"thumbnailUrl":"https:\/\/suomenpellava.fi\/wp-content\/uploads\/2023\/08\/YE-SP-762x1024.jpg","datePublished":"2023-01-26T20:42:34+00:00","dateModified":"2023-10-03T21:40:47+00:00","description":"%","breadcrumb":{"@id":"https:\/\/suomenpellava.fi\/index.php\/tuotteet\/#breadcrumb"},"inLanguage":"fi","potentialAction":[{"@type":"ReadAction","target":["https:\/\/suomenpellava.fi\/index.php\/tuotteet\/"]}]},{"@type":"ImageObject","inLanguage":"fi","@id":"https:\/\/suomenpellava.fi\/index.php\/tuotteet\/#primaryimage","url":"https:\/\/suomenpellava.fi\/wp-content\/uploads\/2023\/08\/YE-SP.jpg","contentUrl":"https:\/\/suomenpellava.fi\/wp-content\/uploads\/2023\/08\/YE-SP.jpg","width":1125,"height":1511},{"@type":"BreadcrumbList","@id":"https:\/\/suomenpellava.fi\/index.php\/tuotteet\/#breadcrumb","itemListElement":[{"@type":"ListItem","position":1,"name":"Etusivu","item":"https:\/\/suomenpellava.fi\/suomenpellava\/"},{"@type":"ListItem","position":2,"name":"Tuotteet"}]},{"@type":"WebSite","@id":"https:\/\/suomenpellava.fi\/#website","url":"https:\/\/suomenpellava.fi\/","name":"Suomen Pellava","description":"","publisher":{"@id":"https:\/\/suomenpellava.fi\/#organization"},"potentialAction":[{"@type":"SearchAction","target":{"@type":"EntryPoint","urlTemplate":"https:\/\/suomenpellava.fi\/?s={search_term_string}"},"query-input":{"@type":"PropertyValueSpecification","valueRequired":true,"valueName":"search_term_string"}}],"inLanguage":"fi"},{"@type":"Organization","@id":"https:\/\/suomenpellava.fi\/#organization","name":"Suomen Pellava","url":"https:\/\/suomenpellava.fi\/","logo":{"@type":"ImageObject","inLanguage":"fi","@id":"https:\/\/suomenpellava.fi\/#\/schema\/logo\/image\/","url":"https:\/\/suomenpellava.fi\/wp-content\/uploads\/2023\/01\/cropped-cropped-cropped-cropped-SP-LOGO.jpeg.jpg","contentUrl":"https:\/\/suomenpellava.fi\/wp-content\/uploads\/2023\/01\/cropped-cropped-cropped-cropped-SP-LOGO.jpeg.jpg","width":864,"height":581,"caption":"Suomen Pellava"},"image":{"@id":"https:\/\/suomenpellava.fi\/#\/schema\/logo\/image\/"}}]}},"_links":{"self":[{"href":"https:\/\/suomenpellava.fi\/index.php\/wp-json\/wp\/v2\/pages\/55","targetHints":{"allow":["GET"]}}],"collection":[{"href":"https:\/\/suomenpellava.fi\/index.php\/wp-json\/wp\/v2\/pages"}],"about":[{"href":"https:\/\/suomenpellava.fi\/index.php\/wp-json\/wp\/v2\/types\/page"}],"author":[{"embeddable":true,"href":"https:\/\/suomenpellava.fi\/index.php\/wp-json\/wp\/v2\/users\/1"}],"replies":[{"embeddable":true,"href":"https:\/\/suomenpellava.fi\/index.php\/wp-json\/wp\/v2\/comments?post=55"}],"version-history":[{"count":53,"href":"https:\/\/suomenpellava.fi\/index.php\/wp-json\/wp\/v2\/pages\/55\/revisions"}],"predecessor-version":[{"id":412,"href":"https:\/\/suomenpellava.fi\/index.php\/wp-json\/wp\/v2\/pages\/55\/revisions\/412"}],"wp:attachment":[{"href":"https:\/\/suomenpellava.fi\/index.php\/wp-json\/wp\/v2\/media?parent=55"}],"curies":[{"name":"wp","href":"https:\/\/api.w.org\/{rel}","templated":true}]}}