{"id":14,"date":"2023-01-26T08:40:11","date_gmt":"2023-01-26T08:40:11","guid":{"rendered":"https:\/\/mystifying-maxwell.18-196-151-180.plesk.page\/suomenpellava\/?page_id=14"},"modified":"2023-03-16T13:57:05","modified_gmt":"2023-03-16T13:57:05","slug":"contact","status":"publish","type":"page","link":"https:\/\/suomenpellava.fi\/index.php\/contact\/","title":{"rendered":"Yhteystiedot"},"content":{"rendered":"\n<div class=\"wp-block-columns alignfull is-layout-flex wp-container-core-columns-is-layout-28f84493 wp-block-columns-is-layout-flex\">\n<div class=\"wp-block-column is-layout-flow wp-block-column-is-layout-flow\">\n<div style=\"width: 100%\"><iframe src=\"https:\/\/www.google.com\/maps\/embed?pb=!1m18!1m12!1m3!1d2029.3450060857137!2d24.73139091649533!3d59.42732031020342!2m3!1f0!2f0!3f0!3m2!1i1024!2i768!4f13.1!3m3!1m2!1s0x4692949a6a2e9ecb%3A0x950098643ed57ef2!2sKesk-Ameerika%207%2C%2010122%20Tallinn%2C%20Viro!5e0!3m2!1sfi!2sfi!4v1674765455164!5m2!1sfi!2sfi\" width=\"100%\" height=\"450\" style=\"border:0;\" allowfullscreen=\"\" loading=\"lazy\" referrerpolicy=\"no-referrer-when-downgrade\"><\/iframe><\/div>\n\n\n\n<p><\/p>\n<\/div>\n<\/div>\n\n\n\n<div class=\"wp-block-columns container is-layout-flex wp-container-core-columns-is-layout-28f84493 wp-block-columns-is-layout-flex\">\n<div class=\"wp-block-column is-vertically-aligned-center is-layout-flow wp-block-column-is-layout-flow\">\n<h2 class=\"hestia-title wp-block-heading\">L\u00e4het\u00e4 meille viesti<\/h2>\n\n\n<div class=\"wpforms-container wpforms-container-full\" id=\"wpforms-39\"><form id=\"wpforms-form-39\" class=\"wpforms-validate wpforms-form\" data-formid=\"39\" method=\"post\" enctype=\"multipart\/form-data\" action=\"\/index.php\/wp-json\/wp\/v2\/pages\/14\" data-token=\"ed865a2041a83b2f9c93b0a36c0e0a0d\" data-token-time=\"1777728273\"><noscript class=\"wpforms-error-noscript\">Please enable JavaScript in your browser to complete this form.<\/noscript><div class=\"wpforms-field-container\"><div id=\"wpforms-39-field_0-container\" class=\"wpforms-field wpforms-field-name wpforms-one-half wpforms-first\" data-field-id=\"0\"><label class=\"wpforms-field-label wpforms-label-hide\" for=\"wpforms-39-field_0\">Nimi <span class=\"wpforms-required-label\">*<\/span><\/label><input type=\"text\" id=\"wpforms-39-field_0\" class=\"wpforms-field-large wpforms-field-required\" name=\"wpforms[fields][0]\" placeholder=\"Nimesi\" required><\/div><div id=\"wpforms-39-field_3-container\" class=\"wpforms-field wpforms-field-email wpforms-one-half\" data-field-id=\"3\"><label class=\"wpforms-field-label wpforms-label-hide\" for=\"wpforms-39-field_3\">S\u00e4hk\u00f6posti <span class=\"wpforms-required-label\">*<\/span><\/label><input type=\"email\" id=\"wpforms-39-field_3\" class=\"wpforms-field-large wpforms-field-required\" name=\"wpforms[fields][3]\" placeholder=\"S\u00e4hk\u00f6postisi\" spellcheck=\"false\" required><\/div><div id=\"wpforms-39-field_2-container\" class=\"wpforms-field wpforms-field-textarea\" data-field-id=\"2\"><label class=\"wpforms-field-label wpforms-label-hide\" for=\"wpforms-39-field_2\">Viesti <span class=\"wpforms-required-label\">*<\/span><\/label><textarea id=\"wpforms-39-field_2\" class=\"wpforms-field-medium wpforms-field-required\" name=\"wpforms[fields][2]\" placeholder=\"Viesti\" required><\/textarea><\/div><\/div><!-- .wpforms-field-container --><div class=\"wpforms-submit-container\" ><input type=\"hidden\" name=\"wpforms[id]\" value=\"39\"><input type=\"hidden\" name=\"page_title\" value=\"\"><input type=\"hidden\" name=\"page_url\" value=\"https:\/\/suomenpellava.fi\/index.php\/wp-json\/wp\/v2\/pages\/14\"><input type=\"hidden\" name=\"url_referer\" value=\"\"><button type=\"submit\" name=\"wpforms[submit]\" id=\"wpforms-submit-39\" class=\"wpforms-submit\" data-alt-text=\"L\u00e4hett\u00e4\u00e4...\" data-submit-text=\"L\u00e4het\u00e4 viesti\" aria-live=\"assertive\" value=\"wpforms-submit\">L\u00e4het\u00e4 viesti<\/button><\/div><\/form><\/div>  <!-- .wpforms-container -->\n\n\n\n<div style=\"height:40px\" aria-hidden=\"true\" class=\"wp-block-spacer\"><\/div>\n<\/div>\n\n\n\n<div class=\"wp-block-column is-vertically-aligned-center is-layout-flow wp-block-column-is-layout-flow\">\n<div class=\"wp-block-columns is-layout-flex wp-container-core-columns-is-layout-28f84493 wp-block-columns-is-layout-flex\">\n<div class=\"wp-block-column is-layout-flow wp-block-column-is-layout-flow\"><\/div>\n\n\n\n<div class=\"wp-block-column is-layout-flow wp-block-column-is-layout-flow\" style=\"flex-basis:50%\">\n<div style=\"height:40px\" aria-hidden=\"true\" class=\"wp-block-spacer\"><\/div>\n\n\n\n<h4 class=\"has-text-align-left hestia-title has-text-color wp-block-heading\" style=\"color:#3c4858;font-size:18px\"><img decoding=\"async\" class=\"wp-image-98\" style=\"width: 25px;\" src=\"https:\/\/suomenpellava.fi\/suomenpellava\/wp-content\/themes\/hestia\/assets\/img\/contact2.png\" alt=\"\">  <strong><strong>Soit<\/strong><\/strong>a<\/h4>\n\n\n\n<p><p class=\"has-text-align-left has-text-color\" style=\"color:#999999;font-size:14px\">Suomen Pellava O\u00dc<br>Kesk-Ameerika 7-1<br>10122 Tallinn<br>ESTONIA<br>Business ID \/ Y-tunnus \/ &nbsp;<\/p><\/p>\n\n\n\n<p><p class=\"has-text-align-left has-text-color\" style=\"color:#999999;font-size:14px\">Registrikood&nbsp;16407270<\/p><\/p>\n\n\n\n<p><p class=\"has-text-align-left has-text-color\" style=\"color:#999999;font-size:14px\">VAT reg: EE102571673<br>Tel.\/WA&nbsp;+372 5 8106 052<br>Phone&nbsp;+358 40 6050 100<\/p><\/p>\n\n\n\n<p class=\"has-text-align-left has-text-color\" style=\"color:#999999;font-size:14px\"><br><\/p>\n<\/div>\n\n\n\n<div class=\"wp-block-column is-layout-flow wp-block-column-is-layout-flow\"><\/div>\n<\/div>\n<\/div>\n<\/div>\n\n\n\n<p><\/p>\n","protected":false},"excerpt":{"rendered":"<p>L\u00e4het\u00e4 meille viesti Soita Suomen Pellava O\u00dcKesk-Ameerika 7-110122 TallinnESTONIABusiness ID \/ Y-tunnus \/ &nbsp; Registrikood&nbsp;16407270 VAT reg: EE102571673Tel.\/WA&nbsp;+372 5 8106 052Phone&nbsp;+358 40 6050 100<\/p>\n","protected":false},"author":1,"featured_media":6,"parent":0,"menu_order":0,"comment_status":"closed","ping_status":"closed","template":"page-templates\/template-pagebuilder-full-width.php","meta":{"footnotes":""},"class_list":["post-14","page","type-page","status-publish","has-post-thumbnail","hentry"],"yoast_head":"<!-- This site is optimized with the Yoast SEO plugin v27.5 - https:\/\/yoast.com\/product\/yoast-seo-wordpress\/ -->\n<title>Yhteystiedot - Suomen Pellava<\/title>\n<meta name=\"robots\" content=\"index, follow, max-snippet:-1, max-image-preview:large, max-video-preview:-1\" \/>\n<link rel=\"canonical\" href=\"https:\/\/suomenpellava.fi\/index.php\/contact\/\" \/>\n<meta property=\"og:locale\" content=\"fi_FI\" \/>\n<meta property=\"og:type\" content=\"article\" \/>\n<meta property=\"og:title\" content=\"Yhteystiedot - Suomen Pellava\" \/>\n<meta property=\"og:description\" content=\"L\u00e4het\u00e4 meille viesti Soita Suomen Pellava O\u00dcKesk-Ameerika 7-110122 TallinnESTONIABusiness ID \/ Y-tunnus \/ &nbsp; Registrikood&nbsp;16407270 VAT reg: EE102571673Tel.\/WA&nbsp;+372 5 8106 052Phone&nbsp;+358 40 6050 100\" \/>\n<meta property=\"og:url\" content=\"https:\/\/suomenpellava.fi\/index.php\/contact\/\" \/>\n<meta property=\"og:site_name\" content=\"Suomen Pellava\" \/>\n<meta property=\"article:modified_time\" content=\"2023-03-16T13:57:05+00:00\" \/>\n<meta property=\"og:image\" content=\"https:\/\/suomenpellava.fi\/wp-content\/uploads\/2023\/01\/contact.jpg\" \/>\n\t<meta property=\"og:image:width\" content=\"1024\" \/>\n\t<meta property=\"og:image:height\" content=\"683\" \/>\n\t<meta property=\"og:image:type\" content=\"image\/jpeg\" \/>\n<meta name=\"twitter:card\" content=\"summary_large_image\" \/>\n<meta name=\"twitter:label1\" content=\"Arvioitu lukuaika\" \/>\n\t<meta name=\"twitter:data1\" content=\"1 minuutti\" \/>\n<script type=\"application\/ld+json\" class=\"yoast-schema-graph\">{\"@context\":\"https:\\\/\\\/schema.org\",\"@graph\":[{\"@type\":\"WebPage\",\"@id\":\"https:\\\/\\\/suomenpellava.fi\\\/index.php\\\/contact\\\/\",\"url\":\"https:\\\/\\\/suomenpellava.fi\\\/index.php\\\/contact\\\/\",\"name\":\"Yhteystiedot - Suomen Pellava\",\"isPartOf\":{\"@id\":\"https:\\\/\\\/suomenpellava.fi\\\/#website\"},\"primaryImageOfPage\":{\"@id\":\"https:\\\/\\\/suomenpellava.fi\\\/index.php\\\/contact\\\/#primaryimage\"},\"image\":{\"@id\":\"https:\\\/\\\/suomenpellava.fi\\\/index.php\\\/contact\\\/#primaryimage\"},\"thumbnailUrl\":\"https:\\\/\\\/suomenpellava.fi\\\/wp-content\\\/uploads\\\/2023\\\/01\\\/contact.jpg\",\"datePublished\":\"2023-01-26T08:40:11+00:00\",\"dateModified\":\"2023-03-16T13:57:05+00:00\",\"breadcrumb\":{\"@id\":\"https:\\\/\\\/suomenpellava.fi\\\/index.php\\\/contact\\\/#breadcrumb\"},\"inLanguage\":\"fi\",\"potentialAction\":[{\"@type\":\"ReadAction\",\"target\":[\"https:\\\/\\\/suomenpellava.fi\\\/index.php\\\/contact\\\/\"]}]},{\"@type\":\"ImageObject\",\"inLanguage\":\"fi\",\"@id\":\"https:\\\/\\\/suomenpellava.fi\\\/index.php\\\/contact\\\/#primaryimage\",\"url\":\"https:\\\/\\\/suomenpellava.fi\\\/wp-content\\\/uploads\\\/2023\\\/01\\\/contact.jpg\",\"contentUrl\":\"https:\\\/\\\/suomenpellava.fi\\\/wp-content\\\/uploads\\\/2023\\\/01\\\/contact.jpg\",\"width\":1024,\"height\":683},{\"@type\":\"BreadcrumbList\",\"@id\":\"https:\\\/\\\/suomenpellava.fi\\\/index.php\\\/contact\\\/#breadcrumb\",\"itemListElement\":[{\"@type\":\"ListItem\",\"position\":1,\"name\":\"Etusivu\",\"item\":\"https:\\\/\\\/suomenpellava.fi\\\/suomenpellava\\\/\"},{\"@type\":\"ListItem\",\"position\":2,\"name\":\"Yhteystiedot\"}]},{\"@type\":\"WebSite\",\"@id\":\"https:\\\/\\\/suomenpellava.fi\\\/#website\",\"url\":\"https:\\\/\\\/suomenpellava.fi\\\/\",\"name\":\"Suomen Pellava\",\"description\":\"\",\"publisher\":{\"@id\":\"https:\\\/\\\/suomenpellava.fi\\\/#organization\"},\"potentialAction\":[{\"@type\":\"SearchAction\",\"target\":{\"@type\":\"EntryPoint\",\"urlTemplate\":\"https:\\\/\\\/suomenpellava.fi\\\/?s={search_term_string}\"},\"query-input\":{\"@type\":\"PropertyValueSpecification\",\"valueRequired\":true,\"valueName\":\"search_term_string\"}}],\"inLanguage\":\"fi\"},{\"@type\":\"Organization\",\"@id\":\"https:\\\/\\\/suomenpellava.fi\\\/#organization\",\"name\":\"Suomen Pellava\",\"url\":\"https:\\\/\\\/suomenpellava.fi\\\/\",\"logo\":{\"@type\":\"ImageObject\",\"inLanguage\":\"fi\",\"@id\":\"https:\\\/\\\/suomenpellava.fi\\\/#\\\/schema\\\/logo\\\/image\\\/\",\"url\":\"https:\\\/\\\/suomenpellava.fi\\\/wp-content\\\/uploads\\\/2023\\\/01\\\/cropped-cropped-cropped-cropped-SP-LOGO.jpeg.jpg\",\"contentUrl\":\"https:\\\/\\\/suomenpellava.fi\\\/wp-content\\\/uploads\\\/2023\\\/01\\\/cropped-cropped-cropped-cropped-SP-LOGO.jpeg.jpg\",\"width\":864,\"height\":581,\"caption\":\"Suomen Pellava\"},\"image\":{\"@id\":\"https:\\\/\\\/suomenpellava.fi\\\/#\\\/schema\\\/logo\\\/image\\\/\"}}]}<\/script>\n<!-- \/ Yoast SEO plugin. -->","yoast_head_json":{"title":"Yhteystiedot - Suomen Pellava","robots":{"index":"index","follow":"follow","max-snippet":"max-snippet:-1","max-image-preview":"max-image-preview:large","max-video-preview":"max-video-preview:-1"},"canonical":"https:\/\/suomenpellava.fi\/index.php\/contact\/","og_locale":"fi_FI","og_type":"article","og_title":"Yhteystiedot - Suomen Pellava","og_description":"L\u00e4het\u00e4 meille viesti Soita Suomen Pellava O\u00dcKesk-Ameerika 7-110122 TallinnESTONIABusiness ID \/ Y-tunnus \/ &nbsp; Registrikood&nbsp;16407270 VAT reg: EE102571673Tel.\/WA&nbsp;+372 5 8106 052Phone&nbsp;+358 40 6050 100","og_url":"https:\/\/suomenpellava.fi\/index.php\/contact\/","og_site_name":"Suomen Pellava","article_modified_time":"2023-03-16T13:57:05+00:00","og_image":[{"width":1024,"height":683,"url":"https:\/\/suomenpellava.fi\/wp-content\/uploads\/2023\/01\/contact.jpg","type":"image\/jpeg"}],"twitter_card":"summary_large_image","twitter_misc":{"Arvioitu lukuaika":"1 minuutti"},"schema":{"@context":"https:\/\/schema.org","@graph":[{"@type":"WebPage","@id":"https:\/\/suomenpellava.fi\/index.php\/contact\/","url":"https:\/\/suomenpellava.fi\/index.php\/contact\/","name":"Yhteystiedot - Suomen Pellava","isPartOf":{"@id":"https:\/\/suomenpellava.fi\/#website"},"primaryImageOfPage":{"@id":"https:\/\/suomenpellava.fi\/index.php\/contact\/#primaryimage"},"image":{"@id":"https:\/\/suomenpellava.fi\/index.php\/contact\/#primaryimage"},"thumbnailUrl":"https:\/\/suomenpellava.fi\/wp-content\/uploads\/2023\/01\/contact.jpg","datePublished":"2023-01-26T08:40:11+00:00","dateModified":"2023-03-16T13:57:05+00:00","breadcrumb":{"@id":"https:\/\/suomenpellava.fi\/index.php\/contact\/#breadcrumb"},"inLanguage":"fi","potentialAction":[{"@type":"ReadAction","target":["https:\/\/suomenpellava.fi\/index.php\/contact\/"]}]},{"@type":"ImageObject","inLanguage":"fi","@id":"https:\/\/suomenpellava.fi\/index.php\/contact\/#primaryimage","url":"https:\/\/suomenpellava.fi\/wp-content\/uploads\/2023\/01\/contact.jpg","contentUrl":"https:\/\/suomenpellava.fi\/wp-content\/uploads\/2023\/01\/contact.jpg","width":1024,"height":683},{"@type":"BreadcrumbList","@id":"https:\/\/suomenpellava.fi\/index.php\/contact\/#breadcrumb","itemListElement":[{"@type":"ListItem","position":1,"name":"Etusivu","item":"https:\/\/suomenpellava.fi\/suomenpellava\/"},{"@type":"ListItem","position":2,"name":"Yhteystiedot"}]},{"@type":"WebSite","@id":"https:\/\/suomenpellava.fi\/#website","url":"https:\/\/suomenpellava.fi\/","name":"Suomen Pellava","description":"","publisher":{"@id":"https:\/\/suomenpellava.fi\/#organization"},"potentialAction":[{"@type":"SearchAction","target":{"@type":"EntryPoint","urlTemplate":"https:\/\/suomenpellava.fi\/?s={search_term_string}"},"query-input":{"@type":"PropertyValueSpecification","valueRequired":true,"valueName":"search_term_string"}}],"inLanguage":"fi"},{"@type":"Organization","@id":"https:\/\/suomenpellava.fi\/#organization","name":"Suomen Pellava","url":"https:\/\/suomenpellava.fi\/","logo":{"@type":"ImageObject","inLanguage":"fi","@id":"https:\/\/suomenpellava.fi\/#\/schema\/logo\/image\/","url":"https:\/\/suomenpellava.fi\/wp-content\/uploads\/2023\/01\/cropped-cropped-cropped-cropped-SP-LOGO.jpeg.jpg","contentUrl":"https:\/\/suomenpellava.fi\/wp-content\/uploads\/2023\/01\/cropped-cropped-cropped-cropped-SP-LOGO.jpeg.jpg","width":864,"height":581,"caption":"Suomen Pellava"},"image":{"@id":"https:\/\/suomenpellava.fi\/#\/schema\/logo\/image\/"}}]}},"_links":{"self":[{"href":"https:\/\/suomenpellava.fi\/index.php\/wp-json\/wp\/v2\/pages\/14","targetHints":{"allow":["GET"]}}],"collection":[{"href":"https:\/\/suomenpellava.fi\/index.php\/wp-json\/wp\/v2\/pages"}],"about":[{"href":"https:\/\/suomenpellava.fi\/index.php\/wp-json\/wp\/v2\/types\/page"}],"author":[{"embeddable":true,"href":"https:\/\/suomenpellava.fi\/index.php\/wp-json\/wp\/v2\/users\/1"}],"replies":[{"embeddable":true,"href":"https:\/\/suomenpellava.fi\/index.php\/wp-json\/wp\/v2\/comments?post=14"}],"version-history":[{"count":10,"href":"https:\/\/suomenpellava.fi\/index.php\/wp-json\/wp\/v2\/pages\/14\/revisions"}],"predecessor-version":[{"id":292,"href":"https:\/\/suomenpellava.fi\/index.php\/wp-json\/wp\/v2\/pages\/14\/revisions\/292"}],"wp:featuredmedia":[{"embeddable":true,"href":"https:\/\/suomenpellava.fi\/index.php\/wp-json\/wp\/v2\/media\/6"}],"wp:attachment":[{"href":"https:\/\/suomenpellava.fi\/index.php\/wp-json\/wp\/v2\/media?parent=14"}],"curies":[{"name":"wp","href":"https:\/\/api.w.org\/{rel}","templated":true}]}}