{"id":110,"date":"2023-02-14T10:52:28","date_gmt":"2023-02-14T10:52:28","guid":{"rendered":"https:\/\/mystifying-maxwell.18-196-151-180.plesk.page\/suomenpellava\/?page_id=110"},"modified":"2023-10-06T10:16:38","modified_gmt":"2023-10-06T10:16:38","slug":"esite-viroksi","status":"publish","type":"page","link":"https:\/\/suomenpellava.fi\/index.php\/et\/esite-viroksi\/","title":{"rendered":"Eestikeelne bro\u0161\u00fc\u00fcr"},"content":{"rendered":"\n<p>Oleme kodutekstiilidele spetsialiseerunud tootja ja hulgim\u00fc\u00fcja. Meie valikutes on nt. linane tekstiil \/ saunatekstiil \/ vannitoatekstiil, p\u00f5lled, laudlinad, vilditud vill, puuvillased trikoovaibad, linane \/ viskoos \/ villased vaibad klientide enda logodega, seinatekstiilid, vaibad, metallklambrid, kootud sildid, kleebised, tikandid jne.<\/p>\n\n\n\n<p>K\u00fcsige oma piirkonna jaem\u00fc\u00fcjalt e-posti aadressil info@suomenpellava.fi v\u00f5i kui soovite saada meie jaem\u00fc\u00fcjaks v\u00f5i tellida meie tooteid oma ettev\u00f5ttele, n\u00e4iteks oma disainiga. Saatke meile oma kontaktandmed meili teel v\u00f5i helistage +372 5 8106052 ja saadame teile oma hinnakirja ja pakkumise.<\/p>\n\n\n\n<div data-wp-interactive=\"core\/file\" class=\"wp-block-file\"><object data-wp-bind--hidden=\"!state.hasPdfPreview\" hidden class=\"wp-block-file__embed\" data=\"https:\/\/suomenpellava.fi\/wp-content\/uploads\/2023\/10\/SP-Valikoima-123-23.pdf\" type=\"application\/pdf\" style=\"width:100%;height:600px\" aria-label=\"Tiedoston SP-Valikoima-123-23 upotus.\"><\/object><a id=\"wp-block-file--media-9bacc250-43e3-4f42-a7e1-28d198a62817\" href=\"https:\/\/suomenpellava.fi\/wp-content\/uploads\/2023\/10\/SP-Valikoima-123-23.pdf\">SP-Valikoima-123-23<\/a><a href=\"https:\/\/suomenpellava.fi\/wp-content\/uploads\/2023\/10\/SP-Valikoima-123-23.pdf\" class=\"wp-block-file__button wp-element-button\" download aria-describedby=\"wp-block-file--media-9bacc250-43e3-4f42-a7e1-28d198a62817\">Lataa<\/a><\/div>\n\n\n\n<p><\/p>\n","protected":false},"excerpt":{"rendered":"<p>Oleme kodutekstiilidele spetsialiseerunud tootja ja hulgim\u00fc\u00fcja. Meie valikutes on nt. linane tekstiil \/ saunatekstiil \/ vannitoatekstiil, p\u00f5lled, laudlinad, vilditud vill, puuvillased trikoovaibad, linane \/ viskoos \/ villased vaibad klientide enda logodega, seinatekstiilid, vaibad, metallklambrid, kootud sildid, kleebised, tikandid jne. K\u00fcsige oma piirkonna jaem\u00fc\u00fcjalt e-posti aadressil info@suomenpellava.fi v\u00f5i kui soovite saada [&hellip;]<\/p>\n","protected":false},"author":1,"featured_media":0,"parent":0,"menu_order":0,"comment_status":"closed","ping_status":"closed","template":"","meta":{"footnotes":""},"class_list":["post-110","page","type-page","status-publish","hentry"],"yoast_head":"<!-- This site is optimized with the Yoast SEO plugin v27.6 - https:\/\/yoast.com\/product\/yoast-seo-wordpress\/ -->\n<title>Eestikeelne bro\u0161\u00fc\u00fcr - Suomen Pellava<\/title>\n<meta name=\"robots\" content=\"index, follow, max-snippet:-1, max-image-preview:large, max-video-preview:-1\" \/>\n<link rel=\"canonical\" href=\"https:\/\/suomenpellava.fi\/index.php\/et\/esite-viroksi\/\" \/>\n<meta property=\"og:locale\" content=\"fi_FI\" \/>\n<meta property=\"og:type\" content=\"article\" \/>\n<meta property=\"og:title\" content=\"Eestikeelne bro\u0161\u00fc\u00fcr - Suomen Pellava\" \/>\n<meta property=\"og:description\" content=\"Oleme kodutekstiilidele spetsialiseerunud tootja ja hulgim\u00fc\u00fcja. Meie valikutes on nt. linane tekstiil \/ saunatekstiil \/ vannitoatekstiil, p\u00f5lled, laudlinad, vilditud vill, puuvillased trikoovaibad, linane \/ viskoos \/ villased vaibad klientide enda logodega, seinatekstiilid, vaibad, metallklambrid, kootud sildid, kleebised, tikandid jne. K\u00fcsige oma piirkonna jaem\u00fc\u00fcjalt e-posti aadressil info@suomenpellava.fi v\u00f5i kui soovite saada [&hellip;]\" \/>\n<meta property=\"og:url\" content=\"https:\/\/suomenpellava.fi\/index.php\/et\/esite-viroksi\/\" \/>\n<meta property=\"og:site_name\" content=\"Suomen Pellava\" \/>\n<meta property=\"article:modified_time\" content=\"2023-10-06T10:16:38+00:00\" \/>\n<meta name=\"twitter:card\" content=\"summary_large_image\" \/>\n<meta name=\"twitter:label1\" content=\"Arvioitu lukuaika\" \/>\n\t<meta name=\"twitter:data1\" content=\"1 minuutti\" \/>\n<script type=\"application\/ld+json\" class=\"yoast-schema-graph\">{\"@context\":\"https:\\\/\\\/schema.org\",\"@graph\":[{\"@type\":\"WebPage\",\"@id\":\"https:\\\/\\\/suomenpellava.fi\\\/index.php\\\/et\\\/esite-viroksi\\\/\",\"url\":\"https:\\\/\\\/suomenpellava.fi\\\/index.php\\\/et\\\/esite-viroksi\\\/\",\"name\":\"Eestikeelne bro\u0161\u00fc\u00fcr - Suomen Pellava\",\"isPartOf\":{\"@id\":\"https:\\\/\\\/suomenpellava.fi\\\/#website\"},\"datePublished\":\"2023-02-14T10:52:28+00:00\",\"dateModified\":\"2023-10-06T10:16:38+00:00\",\"breadcrumb\":{\"@id\":\"https:\\\/\\\/suomenpellava.fi\\\/index.php\\\/et\\\/esite-viroksi\\\/#breadcrumb\"},\"inLanguage\":\"fi\",\"potentialAction\":[{\"@type\":\"ReadAction\",\"target\":[\"https:\\\/\\\/suomenpellava.fi\\\/index.php\\\/et\\\/esite-viroksi\\\/\"]}]},{\"@type\":\"BreadcrumbList\",\"@id\":\"https:\\\/\\\/suomenpellava.fi\\\/index.php\\\/et\\\/esite-viroksi\\\/#breadcrumb\",\"itemListElement\":[{\"@type\":\"ListItem\",\"position\":1,\"name\":\"Etusivu\",\"item\":\"https:\\\/\\\/suomenpellava.fi\\\/suomenpellava\\\/\"},{\"@type\":\"ListItem\",\"position\":2,\"name\":\"Eestikeelne bro\u0161\u00fc\u00fcr\"}]},{\"@type\":\"WebSite\",\"@id\":\"https:\\\/\\\/suomenpellava.fi\\\/#website\",\"url\":\"https:\\\/\\\/suomenpellava.fi\\\/\",\"name\":\"Suomen Pellava\",\"description\":\"\",\"publisher\":{\"@id\":\"https:\\\/\\\/suomenpellava.fi\\\/#organization\"},\"potentialAction\":[{\"@type\":\"SearchAction\",\"target\":{\"@type\":\"EntryPoint\",\"urlTemplate\":\"https:\\\/\\\/suomenpellava.fi\\\/?s={search_term_string}\"},\"query-input\":{\"@type\":\"PropertyValueSpecification\",\"valueRequired\":true,\"valueName\":\"search_term_string\"}}],\"inLanguage\":\"fi\"},{\"@type\":\"Organization\",\"@id\":\"https:\\\/\\\/suomenpellava.fi\\\/#organization\",\"name\":\"Suomen Pellava\",\"url\":\"https:\\\/\\\/suomenpellava.fi\\\/\",\"logo\":{\"@type\":\"ImageObject\",\"inLanguage\":\"fi\",\"@id\":\"https:\\\/\\\/suomenpellava.fi\\\/#\\\/schema\\\/logo\\\/image\\\/\",\"url\":\"https:\\\/\\\/suomenpellava.fi\\\/wp-content\\\/uploads\\\/2023\\\/01\\\/cropped-cropped-cropped-cropped-SP-LOGO.jpeg.jpg\",\"contentUrl\":\"https:\\\/\\\/suomenpellava.fi\\\/wp-content\\\/uploads\\\/2023\\\/01\\\/cropped-cropped-cropped-cropped-SP-LOGO.jpeg.jpg\",\"width\":864,\"height\":581,\"caption\":\"Suomen Pellava\"},\"image\":{\"@id\":\"https:\\\/\\\/suomenpellava.fi\\\/#\\\/schema\\\/logo\\\/image\\\/\"}}]}<\/script>\n<!-- \/ Yoast SEO plugin. -->","yoast_head_json":{"title":"Eestikeelne bro\u0161\u00fc\u00fcr - Suomen Pellava","robots":{"index":"index","follow":"follow","max-snippet":"max-snippet:-1","max-image-preview":"max-image-preview:large","max-video-preview":"max-video-preview:-1"},"canonical":"https:\/\/suomenpellava.fi\/index.php\/et\/esite-viroksi\/","og_locale":"fi_FI","og_type":"article","og_title":"Eestikeelne bro\u0161\u00fc\u00fcr - Suomen Pellava","og_description":"Oleme kodutekstiilidele spetsialiseerunud tootja ja hulgim\u00fc\u00fcja. Meie valikutes on nt. linane tekstiil \/ saunatekstiil \/ vannitoatekstiil, p\u00f5lled, laudlinad, vilditud vill, puuvillased trikoovaibad, linane \/ viskoos \/ villased vaibad klientide enda logodega, seinatekstiilid, vaibad, metallklambrid, kootud sildid, kleebised, tikandid jne. K\u00fcsige oma piirkonna jaem\u00fc\u00fcjalt e-posti aadressil info@suomenpellava.fi v\u00f5i kui soovite saada [&hellip;]","og_url":"https:\/\/suomenpellava.fi\/index.php\/et\/esite-viroksi\/","og_site_name":"Suomen Pellava","article_modified_time":"2023-10-06T10:16:38+00:00","twitter_card":"summary_large_image","twitter_misc":{"Arvioitu lukuaika":"1 minuutti"},"schema":{"@context":"https:\/\/schema.org","@graph":[{"@type":"WebPage","@id":"https:\/\/suomenpellava.fi\/index.php\/et\/esite-viroksi\/","url":"https:\/\/suomenpellava.fi\/index.php\/et\/esite-viroksi\/","name":"Eestikeelne bro\u0161\u00fc\u00fcr - Suomen Pellava","isPartOf":{"@id":"https:\/\/suomenpellava.fi\/#website"},"datePublished":"2023-02-14T10:52:28+00:00","dateModified":"2023-10-06T10:16:38+00:00","breadcrumb":{"@id":"https:\/\/suomenpellava.fi\/index.php\/et\/esite-viroksi\/#breadcrumb"},"inLanguage":"fi","potentialAction":[{"@type":"ReadAction","target":["https:\/\/suomenpellava.fi\/index.php\/et\/esite-viroksi\/"]}]},{"@type":"BreadcrumbList","@id":"https:\/\/suomenpellava.fi\/index.php\/et\/esite-viroksi\/#breadcrumb","itemListElement":[{"@type":"ListItem","position":1,"name":"Etusivu","item":"https:\/\/suomenpellava.fi\/suomenpellava\/"},{"@type":"ListItem","position":2,"name":"Eestikeelne bro\u0161\u00fc\u00fcr"}]},{"@type":"WebSite","@id":"https:\/\/suomenpellava.fi\/#website","url":"https:\/\/suomenpellava.fi\/","name":"Suomen Pellava","description":"","publisher":{"@id":"https:\/\/suomenpellava.fi\/#organization"},"potentialAction":[{"@type":"SearchAction","target":{"@type":"EntryPoint","urlTemplate":"https:\/\/suomenpellava.fi\/?s={search_term_string}"},"query-input":{"@type":"PropertyValueSpecification","valueRequired":true,"valueName":"search_term_string"}}],"inLanguage":"fi"},{"@type":"Organization","@id":"https:\/\/suomenpellava.fi\/#organization","name":"Suomen Pellava","url":"https:\/\/suomenpellava.fi\/","logo":{"@type":"ImageObject","inLanguage":"fi","@id":"https:\/\/suomenpellava.fi\/#\/schema\/logo\/image\/","url":"https:\/\/suomenpellava.fi\/wp-content\/uploads\/2023\/01\/cropped-cropped-cropped-cropped-SP-LOGO.jpeg.jpg","contentUrl":"https:\/\/suomenpellava.fi\/wp-content\/uploads\/2023\/01\/cropped-cropped-cropped-cropped-SP-LOGO.jpeg.jpg","width":864,"height":581,"caption":"Suomen Pellava"},"image":{"@id":"https:\/\/suomenpellava.fi\/#\/schema\/logo\/image\/"}}]}},"_links":{"self":[{"href":"https:\/\/suomenpellava.fi\/index.php\/wp-json\/wp\/v2\/pages\/110","targetHints":{"allow":["GET"]}}],"collection":[{"href":"https:\/\/suomenpellava.fi\/index.php\/wp-json\/wp\/v2\/pages"}],"about":[{"href":"https:\/\/suomenpellava.fi\/index.php\/wp-json\/wp\/v2\/types\/page"}],"author":[{"embeddable":true,"href":"https:\/\/suomenpellava.fi\/index.php\/wp-json\/wp\/v2\/users\/1"}],"replies":[{"embeddable":true,"href":"https:\/\/suomenpellava.fi\/index.php\/wp-json\/wp\/v2\/comments?post=110"}],"version-history":[{"count":4,"href":"https:\/\/suomenpellava.fi\/index.php\/wp-json\/wp\/v2\/pages\/110\/revisions"}],"predecessor-version":[{"id":424,"href":"https:\/\/suomenpellava.fi\/index.php\/wp-json\/wp\/v2\/pages\/110\/revisions\/424"}],"wp:attachment":[{"href":"https:\/\/suomenpellava.fi\/index.php\/wp-json\/wp\/v2\/media?parent=110"}],"curies":[{"name":"wp","href":"https:\/\/api.w.org\/{rel}","templated":true}]}}